{"id":7558,"date":"2020-07-14T15:23:35","date_gmt":"2020-07-14T13:23:35","guid":{"rendered":"https:\/\/www.soframap.com\/produit\/aktu-mat\/"},"modified":"2021-05-06T16:01:04","modified_gmt":"2021-05-06T14:01:04","slug":"aktu-mat","status":"publish","type":"product","link":"https:\/\/www.soframap.com\/en\/product\/aktu-mat\/","title":{"rendered":"AKTU MAT"},"content":{"rendered":"<ul>\n<li>High filling and opacity.<\/li>\n<li>Optimized open time.<\/li>\n<li>Great whiteness.<\/li>\n<li>Quick return to service of the premises.<\/li>\n<li>Very low environmental footprint.<\/li>\n<\/ul>\n<p class=\"picto_rendement\"><strong>PERFORMANCE :<\/strong> 9 to 11 m2\/litre and per coat.<\/p>\n<p class=\"picto_densite\"><strong>DENSITY :<\/strong> 1.52 \u00b1 0.05 kg\/m3 (in white).<\/p>\n<p class=\"picto_materiel\"><strong>MATERIAL :<\/strong>\u00a0special acrylic brush, textured polyamide roller 10 to 14 mm, airless spray gun.<\/p>\n<p class=\"picto_dilution\"><strong>DILUTION :<\/strong> with water.<\/p>\n<p class=\"picto_conditionnement\"><strong>PACKAGING :<\/strong> available in 15 L, 4 L and 1 L.<\/p>\n<p class=\"picto_teintes\"><strong>TINTS :<\/strong> delivered in white and all shades.<\/p>\n","protected":false},"excerpt":{"rendered":"<p>Matt paint with acrylic and alkyd resins in aqueous phase. For the decoration of interior masonry on all traditional building supports. Can be applied in new, maintenance or renovation work on walls and ceilings in dry rooms.<\/p>\n","protected":false},"featured_media":65542,"template":"","meta":{"_et_pb_use_builder":"on","_et_pb_old_content":"<ul>\r\n\t<li> Garnissant et opacit\u00e9 \u00e9lev\u00e9s. <\/li>\r\n\t<li> Temps ouvert optimis\u00e9. <\/li>\r\n\t<li> Grande blancheur. <\/li>\r\n\t<li> Remise en service rapide des locaux. <\/li>\r\n\t<li> Tr\u00e8s faible empreinte environnementale. <\/li>\r\n<\/ul>\r\n<p class=\"picto_rendement\"><strong>RENDEMENT :<\/strong>\u00a09 \u00e0\u00a011 m2\/litre et par couche.<\/p>\r\n<p class=\"picto_densite\"><strong>DENSITE :<\/strong> 1,52 \u00b1 0,05 kg\/m3 (en blanc).<\/p>\r\n<p class=\"picto_materiel\"><strong>MATERIEL : <\/strong>brosse sp\u00e9ciale acrylique, rouleau polyamide textur\u00e9 10 \u00e0 14 mm, pistolet sans air.<\/p>\r\n<p class=\"picto_dilution\"><strong>DILUTION :<\/strong> \u00e0 l'eau.<\/p>\r\n<p class=\"picto_conditionnement\"><strong>CONDITIONNEMENT :<\/strong> disponible en 15 L, 4\u00a0L\u00a0 et 1 L.<\/p>\r\n<p class=\"picto_teintes\"><strong>TEINTES : <\/strong>livr\u00e9 en blanc et\u00a0toutes les teintes du nuancier DECOCOLOR.<\/p>\r\n<p><span><br \/><\/span><\/p>","_et_gb_content_width":""},"product_cat":[517,520],"product_tag":[],"acf":[],"yoast_head":"<!-- This site is optimized with the Yoast SEO plugin v22.6 - https:\/\/yoast.com\/wordpress\/plugins\/seo\/ -->\n<title>AKTU MAT - Peintures et rev\u00eatements | SOFRAMAP<\/title>\n<meta name=\"robots\" content=\"index, follow, max-snippet:-1, max-image-preview:large, max-video-preview:-1\" \/>\n<link rel=\"canonical\" href=\"https:\/\/www.soframap.com\/en\/product\/aktu-mat\/\" \/>\n<meta property=\"og:locale\" content=\"en_US\" \/>\n<meta property=\"og:type\" content=\"article\" \/>\n<meta property=\"og:title\" content=\"AKTU MAT - Peintures et rev\u00eatements | SOFRAMAP\" \/>\n<meta property=\"og:description\" content=\"Matt paint with acrylic and alkyd resins in aqueous phase. For the decoration of interior masonry on all traditional building supports. Can be applied in new, maintenance or renovation work on walls and ceilings in dry rooms.\" \/>\n<meta property=\"og:url\" content=\"https:\/\/www.soframap.com\/en\/product\/aktu-mat\/\" \/>\n<meta property=\"og:site_name\" content=\"Peintures et rev\u00eatements | SOFRAMAP\" \/>\n<meta property=\"article:modified_time\" content=\"2021-05-06T14:01:04+00:00\" \/>\n<meta property=\"og:image\" content=\"https:\/\/www.soframap.com\/wp-content\/uploads\/2020\/07\/aktu-mat-evolution-o.png\" \/>\n\t<meta property=\"og:image:width\" content=\"1378\" \/>\n\t<meta property=\"og:image:height\" content=\"1791\" \/>\n\t<meta property=\"og:image:type\" content=\"image\/png\" \/>\n<meta name=\"twitter:card\" content=\"summary_large_image\" \/>\n<meta name=\"twitter:label1\" content=\"Est. reading time\" \/>\n\t<meta name=\"twitter:data1\" content=\"1 minute\" \/>\n<script type=\"application\/ld+json\" class=\"yoast-schema-graph\">{\"@context\":\"https:\/\/schema.org\",\"@graph\":[{\"@type\":\"WebPage\",\"@id\":\"https:\/\/www.soframap.com\/en\/product\/aktu-mat\/\",\"url\":\"https:\/\/www.soframap.com\/en\/product\/aktu-mat\/\",\"name\":\"AKTU MAT - Peintures et rev\u00eatements | SOFRAMAP\",\"isPartOf\":{\"@id\":\"https:\/\/www.soframap.com\/en\/#website\"},\"primaryImageOfPage\":{\"@id\":\"https:\/\/www.soframap.com\/en\/product\/aktu-mat\/#primaryimage\"},\"image\":{\"@id\":\"https:\/\/www.soframap.com\/en\/product\/aktu-mat\/#primaryimage\"},\"thumbnailUrl\":\"https:\/\/www.soframap.com\/wp-content\/uploads\/2023\/03\/Packaging-AKTU-MAT-EVOLUTION-15L-en-PNG.png\",\"datePublished\":\"2020-07-14T13:23:35+00:00\",\"dateModified\":\"2021-05-06T14:01:04+00:00\",\"breadcrumb\":{\"@id\":\"https:\/\/www.soframap.com\/en\/product\/aktu-mat\/#breadcrumb\"},\"inLanguage\":\"en-US\",\"potentialAction\":[{\"@type\":\"ReadAction\",\"target\":[\"https:\/\/www.soframap.com\/en\/product\/aktu-mat\/\"]}]},{\"@type\":\"ImageObject\",\"inLanguage\":\"en-US\",\"@id\":\"https:\/\/www.soframap.com\/en\/product\/aktu-mat\/#primaryimage\",\"url\":\"https:\/\/www.soframap.com\/wp-content\/uploads\/2023\/03\/Packaging-AKTU-MAT-EVOLUTION-15L-en-PNG.png\",\"contentUrl\":\"https:\/\/www.soframap.com\/wp-content\/uploads\/2023\/03\/Packaging-AKTU-MAT-EVOLUTION-15L-en-PNG.png\",\"width\":4311,\"height\":5125},{\"@type\":\"BreadcrumbList\",\"@id\":\"https:\/\/www.soframap.com\/en\/product\/aktu-mat\/#breadcrumb\",\"itemListElement\":[{\"@type\":\"ListItem\",\"position\":1,\"name\":\"Accueil\",\"item\":\"https:\/\/www.soframap.com\/en\/\"},{\"@type\":\"ListItem\",\"position\":2,\"name\":\"Products\",\"item\":\"https:\/\/www.soframap.com\/en\/products\/\"},{\"@type\":\"ListItem\",\"position\":3,\"name\":\"AKTU MAT\"}]},{\"@type\":\"WebSite\",\"@id\":\"https:\/\/www.soframap.com\/en\/#website\",\"url\":\"https:\/\/www.soframap.com\/en\/\",\"name\":\"Peintures et rev\u00eatements | SOFRAMAP\",\"description\":\"Peintures et rev\u00eatements\",\"publisher\":{\"@id\":\"https:\/\/www.soframap.com\/en\/#organization\"},\"potentialAction\":[{\"@type\":\"SearchAction\",\"target\":{\"@type\":\"EntryPoint\",\"urlTemplate\":\"https:\/\/www.soframap.com\/en\/?s={search_term_string}\"},\"query-input\":\"required name=search_term_string\"}],\"inLanguage\":\"en-US\"},{\"@type\":\"Organization\",\"@id\":\"https:\/\/www.soframap.com\/en\/#organization\",\"name\":\"SOFRAMAP\",\"url\":\"https:\/\/www.soframap.com\/en\/\",\"logo\":{\"@type\":\"ImageObject\",\"inLanguage\":\"en-US\",\"@id\":\"https:\/\/www.soframap.com\/en\/#\/schema\/logo\/image\/\",\"url\":\"https:\/\/www.soframap.com\/wp-content\/uploads\/2020\/07\/soframap-logo.png\",\"contentUrl\":\"https:\/\/www.soframap.com\/wp-content\/uploads\/2020\/07\/soframap-logo.png\",\"width\":362,\"height\":113,\"caption\":\"SOFRAMAP\"},\"image\":{\"@id\":\"https:\/\/www.soframap.com\/en\/#\/schema\/logo\/image\/\"}}]}<\/script>\n<!-- \/ Yoast SEO plugin. -->","yoast_head_json":{"title":"AKTU MAT - Peintures et rev\u00eatements | SOFRAMAP","robots":{"index":"index","follow":"follow","max-snippet":"max-snippet:-1","max-image-preview":"max-image-preview:large","max-video-preview":"max-video-preview:-1"},"canonical":"https:\/\/www.soframap.com\/en\/product\/aktu-mat\/","og_locale":"en_US","og_type":"article","og_title":"AKTU MAT - Peintures et rev\u00eatements | SOFRAMAP","og_description":"Matt paint with acrylic and alkyd resins in aqueous phase. For the decoration of interior masonry on all traditional building supports. Can be applied in new, maintenance or renovation work on walls and ceilings in dry rooms.","og_url":"https:\/\/www.soframap.com\/en\/product\/aktu-mat\/","og_site_name":"Peintures et rev\u00eatements | SOFRAMAP","article_modified_time":"2021-05-06T14:01:04+00:00","og_image":[{"width":1378,"height":1791,"url":"https:\/\/www.soframap.com\/wp-content\/uploads\/2020\/07\/aktu-mat-evolution-o.png","type":"image\/png"}],"twitter_card":"summary_large_image","twitter_misc":{"Est. reading time":"1 minute"},"schema":{"@context":"https:\/\/schema.org","@graph":[{"@type":"WebPage","@id":"https:\/\/www.soframap.com\/en\/product\/aktu-mat\/","url":"https:\/\/www.soframap.com\/en\/product\/aktu-mat\/","name":"AKTU MAT - Peintures et rev\u00eatements | SOFRAMAP","isPartOf":{"@id":"https:\/\/www.soframap.com\/en\/#website"},"primaryImageOfPage":{"@id":"https:\/\/www.soframap.com\/en\/product\/aktu-mat\/#primaryimage"},"image":{"@id":"https:\/\/www.soframap.com\/en\/product\/aktu-mat\/#primaryimage"},"thumbnailUrl":"https:\/\/www.soframap.com\/wp-content\/uploads\/2023\/03\/Packaging-AKTU-MAT-EVOLUTION-15L-en-PNG.png","datePublished":"2020-07-14T13:23:35+00:00","dateModified":"2021-05-06T14:01:04+00:00","breadcrumb":{"@id":"https:\/\/www.soframap.com\/en\/product\/aktu-mat\/#breadcrumb"},"inLanguage":"en-US","potentialAction":[{"@type":"ReadAction","target":["https:\/\/www.soframap.com\/en\/product\/aktu-mat\/"]}]},{"@type":"ImageObject","inLanguage":"en-US","@id":"https:\/\/www.soframap.com\/en\/product\/aktu-mat\/#primaryimage","url":"https:\/\/www.soframap.com\/wp-content\/uploads\/2023\/03\/Packaging-AKTU-MAT-EVOLUTION-15L-en-PNG.png","contentUrl":"https:\/\/www.soframap.com\/wp-content\/uploads\/2023\/03\/Packaging-AKTU-MAT-EVOLUTION-15L-en-PNG.png","width":4311,"height":5125},{"@type":"BreadcrumbList","@id":"https:\/\/www.soframap.com\/en\/product\/aktu-mat\/#breadcrumb","itemListElement":[{"@type":"ListItem","position":1,"name":"Accueil","item":"https:\/\/www.soframap.com\/en\/"},{"@type":"ListItem","position":2,"name":"Products","item":"https:\/\/www.soframap.com\/en\/products\/"},{"@type":"ListItem","position":3,"name":"AKTU MAT"}]},{"@type":"WebSite","@id":"https:\/\/www.soframap.com\/en\/#website","url":"https:\/\/www.soframap.com\/en\/","name":"Peintures et rev\u00eatements | SOFRAMAP","description":"Peintures et rev\u00eatements","publisher":{"@id":"https:\/\/www.soframap.com\/en\/#organization"},"potentialAction":[{"@type":"SearchAction","target":{"@type":"EntryPoint","urlTemplate":"https:\/\/www.soframap.com\/en\/?s={search_term_string}"},"query-input":"required name=search_term_string"}],"inLanguage":"en-US"},{"@type":"Organization","@id":"https:\/\/www.soframap.com\/en\/#organization","name":"SOFRAMAP","url":"https:\/\/www.soframap.com\/en\/","logo":{"@type":"ImageObject","inLanguage":"en-US","@id":"https:\/\/www.soframap.com\/en\/#\/schema\/logo\/image\/","url":"https:\/\/www.soframap.com\/wp-content\/uploads\/2020\/07\/soframap-logo.png","contentUrl":"https:\/\/www.soframap.com\/wp-content\/uploads\/2020\/07\/soframap-logo.png","width":362,"height":113,"caption":"SOFRAMAP"},"image":{"@id":"https:\/\/www.soframap.com\/en\/#\/schema\/logo\/image\/"}}]}},"_links":{"self":[{"href":"https:\/\/www.soframap.com\/en\/wp-json\/wp\/v2\/product\/7558"}],"collection":[{"href":"https:\/\/www.soframap.com\/en\/wp-json\/wp\/v2\/product"}],"about":[{"href":"https:\/\/www.soframap.com\/en\/wp-json\/wp\/v2\/types\/product"}],"wp:featuredmedia":[{"embeddable":true,"href":"https:\/\/www.soframap.com\/en\/wp-json\/wp\/v2\/media\/65542"}],"wp:attachment":[{"href":"https:\/\/www.soframap.com\/en\/wp-json\/wp\/v2\/media?parent=7558"}],"wp:term":[{"taxonomy":"product_cat","embeddable":true,"href":"https:\/\/www.soframap.com\/en\/wp-json\/wp\/v2\/product_cat?post=7558"},{"taxonomy":"product_tag","embeddable":true,"href":"https:\/\/www.soframap.com\/en\/wp-json\/wp\/v2\/product_tag?post=7558"}],"curies":[{"name":"wp","href":"https:\/\/api.w.org\/{rel}","templated":true}]}}